{"id":936,"date":"2021-07-01T09:47:49","date_gmt":"2021-07-01T09:47:49","guid":{"rendered":"https:\/\/ibis.accorv2prod.decms.eu\/?page_id=936"},"modified":"2022-08-01T07:52:07","modified_gmt":"2022-08-01T07:52:07","slug":"nhung-cau-chuyen-o-lai","status":"publish","type":"page","link":"https:\/\/ibis.accorv2prod.decms.eu\/vi\/nhung-cau-chuyen-o-lai\/","title":{"rendered":"Nh\u1eefng c\u00e2u chuy\u1ec7n \u1edf l\u1ea1i"},"content":{"rendered":"<p>T\u00f4n vinh v\u1ebb \u0111\u1eb9p m\u00ea h\u1ed3n c\u1ee7a th\u1ebf gi\u1edbi c\u0169 c\u1ee7a Phuket trong khi c\u0169ng to\u00e1t l\u00ean nh\u1eefng y\u1ebfu t\u1ed1 sang tr\u1ecdng hi\u1ec7n \u0111\u1ea1i c\u1ee7a ch\u00e2u \u00c2u, Avista Grande Phuket Karon l\u00e0 m\u1ed9t v\u00ed d\u1ee5 th\u1ef1c s\u1ef1 c\u1ee7a ki\u1ebfn \u200b\u200btr\u00fac thu\u1ed9c \u0111\u1ecba \u2014 b\u1eaft \u0111\u1ea7u t\u1eeb \u0111\u1ea7u v\u1edbi g\u1ea1ch l\u00e1t s\u00e0n c\u00f3 hoa v\u0103n g\u1ee3i l\u00ean c\u00e1c thi\u1ebft k\u1ebf c\u1ee7a Trung Qu\u1ed1c v\u00e0 B\u1ed3 \u0110\u00e0o Nha.<\/p>\n<p>Nh\u00ecn ra b\u00e3i c\u00e1t tr\u1eafng c\u1ee7a b\u00e3i bi\u1ec3n Karon, c\u00e1c ph\u00f2ng k\u1ebft h\u1ee3p gi\u1eefa thi\u1ebft k\u1ebf \u0111\u00f4ng v\u00e0 t\u00e2y, g\u1ee3i nh\u1edb l\u1ea1i s\u1ef1 li\u00ean k\u1ebft l\u00e2u \u0111\u1eddi c\u1ee7a h\u00f2n \u0111\u1ea3o v\u1edbi c\u00e1c qu\u1ed1c gia \u0111i bi\u1ec3n nh\u01b0 B\u1ed3 \u0110\u00e0o Nha, Anh, H\u00e0 Lan v\u00e0 Ph\u00e1p, c\u0169ng nh\u01b0 c\u00e1c khu \u0111\u1ecbnh c\u01b0 c\u1ee7a Trung Qu\u1ed1c t\u1eeb t\u1ec9nh Ph\u00fac Ki\u1ebfn. Ph\u1ea7n l\u1edbn \u1ea3nh h\u01b0\u1edfng ki\u1ebfn \u200b\u200btr\u00fac t\u1eeb nh\u1eefng qu\u1ed1c gia n\u00e0y c\u0169ng c\u00f3 th\u1ec3 \u0111\u01b0\u1ee3c nh\u00ecn th\u1ea5y \u1edf khu ph\u1ed1 c\u1ed5 g\u1ea7n \u0111\u00f3 c\u1ee7a Phuket, n\u01a1i nh\u1eefng m\u00e1i nh\u00e0 thi\u1ebfc \u0111\u00e3 \u0111\u01b0\u1ee3c ph\u1ee5c h\u1ed3i v\u00e0 c\u1eeda s\u1ed5 \u0111\u1ee5c l\u1ed7 tr\u00ean t\u00f2a th\u1ecb ch\u00ednh, c\u00e1c t\u00f2a nh\u00e0 v\u0103n ph\u00f2ng v\u00e0 ng\u00e2n h\u00e0ng \u0111\u1ec1u g\u1ee3i \u00fd \u0111\u1ebfn phong c\u00e1ch Trung-B\u1ed3 \u0110\u00e0o Nha th\u1ebf k\u1ef7 19 n\u00e0y.<\/p>\n<p>B\u1ea5t c\u1ee9 n\u01a1i n\u00e0o b\u1ea1n d\u1eebng ch\u00e2n t\u1ea1i n\u01a1i ngh\u1ec9 n\u00e0y, s\u1ef1 h\u00f2a quy\u1ec7n c\u1ee7a c\u00e1c n\u1ec1n v\u0103n h\u00f3a th\u00e0nh m\u1ed9t thi\u00ean \u0111\u01b0\u1eddng \u0111\u1ed9c \u0111\u00e1o s\u1ebd khi\u1ebfn b\u1ea1n \u0111i b\u1ed9 nh\u1eb9 nh\u00e0ng h\u01a1n m\u1ed9t ch\u00fat.<\/p>\n","protected":false},"excerpt":{"rendered":"<p>T\u00f4n vinh v\u1ebb \u0111\u1eb9p m\u00ea h\u1ed3n c\u1ee7a th\u1ebf gi\u1edbi c\u0169 c\u1ee7a Phuket trong khi c\u0169ng to\u00e1t l\u00ean nh\u1eefng y\u1ebfu t\u1ed1 sang tr\u1ecdng hi\u1ec7n \u0111\u1ea1i c\u1ee7a ch\u00e2u \u00c2u, Avista Grande Phuket Karon l\u00e0 m\u1ed9t v\u00ed d\u1ee5 th\u1ef1c s\u1ef1 c\u1ee7a ki\u1ebfn \u200b\u200btr\u00fac thu\u1ed9c \u0111\u1ecba \u2014 b\u1eaft \u0111\u1ea7u t\u1eeb \u0111\u1ea7u v\u1edbi g\u1ea1ch l\u00e1t s\u00e0n c\u00f3 hoa v\u0103n g\u1ee3i [&hellip;]<\/p>\n","protected":false},"author":2,"featured_media":1012,"parent":0,"menu_order":1900,"comment_status":"closed","ping_status":"closed","template":"","meta":{"footnotes":""},"categories":[],"class_list":["post-936","page","type-page","status-publish","has-post-thumbnail","hentry"],"acf":[],"yoast_head":"<!-- This site is optimized with the Yoast SEO plugin v26.9 - https:\/\/yoast.com\/product\/yoast-seo-wordpress\/ -->\n<title>Nh\u1eefng c\u00e2u chuy\u1ec7n \u1edf l\u1ea1i - Ibis V2 demo site<\/title>\n<meta name=\"robots\" content=\"noindex, follow, max-snippet:-1, max-image-preview:large, max-video-preview:-1\" \/>\n<meta property=\"og:locale\" content=\"vi_VN\" \/>\n<meta property=\"og:type\" content=\"article\" \/>\n<meta property=\"og:title\" content=\"Nh\u1eefng c\u00e2u chuy\u1ec7n \u1edf l\u1ea1i - Ibis V2 demo site\" \/>\n<meta property=\"og:description\" content=\"T\u00f4n vinh v\u1ebb \u0111\u1eb9p m\u00ea h\u1ed3n c\u1ee7a th\u1ebf gi\u1edbi c\u0169 c\u1ee7a Phuket trong khi c\u0169ng to\u00e1t l\u00ean nh\u1eefng y\u1ebfu t\u1ed1 sang tr\u1ecdng hi\u1ec7n \u0111\u1ea1i c\u1ee7a ch\u00e2u \u00c2u, Avista Grande Phuket Karon l\u00e0 m\u1ed9t v\u00ed d\u1ee5 th\u1ef1c s\u1ef1 c\u1ee7a ki\u1ebfn \u200b\u200btr\u00fac thu\u1ed9c \u0111\u1ecba \u2014 b\u1eaft \u0111\u1ea7u t\u1eeb \u0111\u1ea7u v\u1edbi g\u1ea1ch l\u00e1t s\u00e0n c\u00f3 hoa v\u0103n g\u1ee3i [&hellip;]\" \/>\n<meta property=\"og:url\" content=\"https:\/\/ibis.accorv2prod.decms.eu\/vi\/nhung-cau-chuyen-o-lai\/\" \/>\n<meta property=\"og:site_name\" content=\"Ibis V2 demo site\" \/>\n<meta property=\"article:modified_time\" content=\"2022-08-01T07:52:07+00:00\" \/>\n<meta property=\"og:image\" content=\"https:\/\/ibis.accorv2prod.decms.eu\/wp-content\/uploads\/sites\/58\/2021\/07\/story_extra_01.jpg\" \/>\n\t<meta property=\"og:image:width\" content=\"908\" \/>\n\t<meta property=\"og:image:height\" content=\"1026\" \/>\n\t<meta property=\"og:image:type\" content=\"image\/jpeg\" \/>\n<meta name=\"twitter:card\" content=\"summary_large_image\" \/>\n<meta name=\"twitter:label1\" content=\"Est. reading time\" \/>\n\t<meta name=\"twitter:data1\" content=\"1 minute\" \/>\n<script type=\"application\/ld+json\" class=\"yoast-schema-graph\">{\"@context\":\"https:\/\/schema.org\",\"@graph\":[{\"@type\":\"WebPage\",\"@id\":\"https:\/\/ibis.accorv2prod.decms.eu\/vi\/nhung-cau-chuyen-o-lai\/\",\"url\":\"https:\/\/ibis.accorv2prod.decms.eu\/vi\/nhung-cau-chuyen-o-lai\/\",\"name\":\"Nh\u1eefng c\u00e2u chuy\u1ec7n \u1edf l\u1ea1i - Ibis V2 demo site\",\"isPartOf\":{\"@id\":\"https:\/\/ibis.accorv2prod.decms.eu\/#website\"},\"primaryImageOfPage\":{\"@id\":\"https:\/\/ibis.accorv2prod.decms.eu\/vi\/nhung-cau-chuyen-o-lai\/#primaryimage\"},\"image\":{\"@id\":\"https:\/\/ibis.accorv2prod.decms.eu\/vi\/nhung-cau-chuyen-o-lai\/#primaryimage\"},\"thumbnailUrl\":\"https:\/\/ibis.accorv2prod.decms.eu\/wp-content\/uploads\/sites\/58\/2021\/07\/story_extra_01.jpg\",\"datePublished\":\"2021-07-01T09:47:49+00:00\",\"dateModified\":\"2022-08-01T07:52:07+00:00\",\"breadcrumb\":{\"@id\":\"https:\/\/ibis.accorv2prod.decms.eu\/vi\/nhung-cau-chuyen-o-lai\/#breadcrumb\"},\"inLanguage\":\"vi-VN\",\"potentialAction\":[{\"@type\":\"ReadAction\",\"target\":[\"https:\/\/ibis.accorv2prod.decms.eu\/vi\/nhung-cau-chuyen-o-lai\/\"]}]},{\"@type\":\"ImageObject\",\"inLanguage\":\"vi-VN\",\"@id\":\"https:\/\/ibis.accorv2prod.decms.eu\/vi\/nhung-cau-chuyen-o-lai\/#primaryimage\",\"url\":\"https:\/\/ibis.accorv2prod.decms.eu\/wp-content\/uploads\/sites\/58\/2021\/07\/story_extra_01.jpg\",\"contentUrl\":\"https:\/\/ibis.accorv2prod.decms.eu\/wp-content\/uploads\/sites\/58\/2021\/07\/story_extra_01.jpg\",\"width\":908,\"height\":1026,\"caption\":\"Created with GIMP\"},{\"@type\":\"BreadcrumbList\",\"@id\":\"https:\/\/ibis.accorv2prod.decms.eu\/vi\/nhung-cau-chuyen-o-lai\/#breadcrumb\",\"itemListElement\":[{\"@type\":\"ListItem\",\"position\":1,\"name\":\"Home\",\"item\":\"https:\/\/ibis.accorv2prod.decms.eu\/vi\/\"},{\"@type\":\"ListItem\",\"position\":2,\"name\":\"Nh\u1eefng c\u00e2u chuy\u1ec7n \u1edf l\u1ea1i\"}]},{\"@type\":\"WebSite\",\"@id\":\"https:\/\/ibis.accorv2prod.decms.eu\/#website\",\"url\":\"https:\/\/ibis.accorv2prod.decms.eu\/\",\"name\":\"Ibis V2 demo site\",\"description\":\"Just another Matteo Canever Site Sites site\",\"potentialAction\":[{\"@type\":\"SearchAction\",\"target\":{\"@type\":\"EntryPoint\",\"urlTemplate\":\"https:\/\/ibis.accorv2prod.decms.eu\/?s={search_term_string}\"},\"query-input\":{\"@type\":\"PropertyValueSpecification\",\"valueRequired\":true,\"valueName\":\"search_term_string\"}}],\"inLanguage\":\"vi-VN\"}]}<\/script>\n<!-- \/ Yoast SEO plugin. -->","yoast_head_json":{"title":"Nh\u1eefng c\u00e2u chuy\u1ec7n \u1edf l\u1ea1i - Ibis V2 demo site","robots":{"index":"noindex","follow":"follow","max-snippet":"max-snippet:-1","max-image-preview":"max-image-preview:large","max-video-preview":"max-video-preview:-1"},"og_locale":"vi_VN","og_type":"article","og_title":"Nh\u1eefng c\u00e2u chuy\u1ec7n \u1edf l\u1ea1i - Ibis V2 demo site","og_description":"T\u00f4n vinh v\u1ebb \u0111\u1eb9p m\u00ea h\u1ed3n c\u1ee7a th\u1ebf gi\u1edbi c\u0169 c\u1ee7a Phuket trong khi c\u0169ng to\u00e1t l\u00ean nh\u1eefng y\u1ebfu t\u1ed1 sang tr\u1ecdng hi\u1ec7n \u0111\u1ea1i c\u1ee7a ch\u00e2u \u00c2u, Avista Grande Phuket Karon l\u00e0 m\u1ed9t v\u00ed d\u1ee5 th\u1ef1c s\u1ef1 c\u1ee7a ki\u1ebfn \u200b\u200btr\u00fac thu\u1ed9c \u0111\u1ecba \u2014 b\u1eaft \u0111\u1ea7u t\u1eeb \u0111\u1ea7u v\u1edbi g\u1ea1ch l\u00e1t s\u00e0n c\u00f3 hoa v\u0103n g\u1ee3i [&hellip;]","og_url":"https:\/\/ibis.accorv2prod.decms.eu\/vi\/nhung-cau-chuyen-o-lai\/","og_site_name":"Ibis V2 demo site","article_modified_time":"2022-08-01T07:52:07+00:00","og_image":[{"width":908,"height":1026,"url":"https:\/\/ibis.accorv2prod.decms.eu\/wp-content\/uploads\/sites\/58\/2021\/07\/story_extra_01.jpg","type":"image\/jpeg"}],"twitter_card":"summary_large_image","twitter_misc":{"Est. reading time":"1 minute"},"schema":{"@context":"https:\/\/schema.org","@graph":[{"@type":"WebPage","@id":"https:\/\/ibis.accorv2prod.decms.eu\/vi\/nhung-cau-chuyen-o-lai\/","url":"https:\/\/ibis.accorv2prod.decms.eu\/vi\/nhung-cau-chuyen-o-lai\/","name":"Nh\u1eefng c\u00e2u chuy\u1ec7n \u1edf l\u1ea1i - Ibis V2 demo site","isPartOf":{"@id":"https:\/\/ibis.accorv2prod.decms.eu\/#website"},"primaryImageOfPage":{"@id":"https:\/\/ibis.accorv2prod.decms.eu\/vi\/nhung-cau-chuyen-o-lai\/#primaryimage"},"image":{"@id":"https:\/\/ibis.accorv2prod.decms.eu\/vi\/nhung-cau-chuyen-o-lai\/#primaryimage"},"thumbnailUrl":"https:\/\/ibis.accorv2prod.decms.eu\/wp-content\/uploads\/sites\/58\/2021\/07\/story_extra_01.jpg","datePublished":"2021-07-01T09:47:49+00:00","dateModified":"2022-08-01T07:52:07+00:00","breadcrumb":{"@id":"https:\/\/ibis.accorv2prod.decms.eu\/vi\/nhung-cau-chuyen-o-lai\/#breadcrumb"},"inLanguage":"vi-VN","potentialAction":[{"@type":"ReadAction","target":["https:\/\/ibis.accorv2prod.decms.eu\/vi\/nhung-cau-chuyen-o-lai\/"]}]},{"@type":"ImageObject","inLanguage":"vi-VN","@id":"https:\/\/ibis.accorv2prod.decms.eu\/vi\/nhung-cau-chuyen-o-lai\/#primaryimage","url":"https:\/\/ibis.accorv2prod.decms.eu\/wp-content\/uploads\/sites\/58\/2021\/07\/story_extra_01.jpg","contentUrl":"https:\/\/ibis.accorv2prod.decms.eu\/wp-content\/uploads\/sites\/58\/2021\/07\/story_extra_01.jpg","width":908,"height":1026,"caption":"Created with GIMP"},{"@type":"BreadcrumbList","@id":"https:\/\/ibis.accorv2prod.decms.eu\/vi\/nhung-cau-chuyen-o-lai\/#breadcrumb","itemListElement":[{"@type":"ListItem","position":1,"name":"Home","item":"https:\/\/ibis.accorv2prod.decms.eu\/vi\/"},{"@type":"ListItem","position":2,"name":"Nh\u1eefng c\u00e2u chuy\u1ec7n \u1edf l\u1ea1i"}]},{"@type":"WebSite","@id":"https:\/\/ibis.accorv2prod.decms.eu\/#website","url":"https:\/\/ibis.accorv2prod.decms.eu\/","name":"Ibis V2 demo site","description":"Just another Matteo Canever Site Sites site","potentialAction":[{"@type":"SearchAction","target":{"@type":"EntryPoint","urlTemplate":"https:\/\/ibis.accorv2prod.decms.eu\/?s={search_term_string}"},"query-input":{"@type":"PropertyValueSpecification","valueRequired":true,"valueName":"search_term_string"}}],"inLanguage":"vi-VN"}]}},"_links":{"self":[{"href":"https:\/\/ibis.accorv2prod.decms.eu\/vi\/wp-json\/wp\/v2\/pages\/936","targetHints":{"allow":["GET"]}}],"collection":[{"href":"https:\/\/ibis.accorv2prod.decms.eu\/vi\/wp-json\/wp\/v2\/pages"}],"about":[{"href":"https:\/\/ibis.accorv2prod.decms.eu\/vi\/wp-json\/wp\/v2\/types\/page"}],"author":[{"embeddable":true,"href":"https:\/\/ibis.accorv2prod.decms.eu\/vi\/wp-json\/wp\/v2\/users\/2"}],"replies":[{"embeddable":true,"href":"https:\/\/ibis.accorv2prod.decms.eu\/vi\/wp-json\/wp\/v2\/comments?post=936"}],"version-history":[{"count":0,"href":"https:\/\/ibis.accorv2prod.decms.eu\/vi\/wp-json\/wp\/v2\/pages\/936\/revisions"}],"wp:featuredmedia":[{"embeddable":true,"href":"https:\/\/ibis.accorv2prod.decms.eu\/vi\/wp-json\/wp\/v2\/media\/1012"}],"wp:attachment":[{"href":"https:\/\/ibis.accorv2prod.decms.eu\/vi\/wp-json\/wp\/v2\/media?parent=936"}],"wp:term":[{"taxonomy":"category","embeddable":true,"href":"https:\/\/ibis.accorv2prod.decms.eu\/vi\/wp-json\/wp\/v2\/categories?post=936"}],"curies":[{"name":"wp","href":"https:\/\/api.w.org\/{rel}","templated":true}]}}