{"id":914,"date":"2021-07-01T08:05:10","date_gmt":"2021-07-01T08:05:10","guid":{"rendered":"https:\/\/ibis.accorv2prod.decms.eu\/?page_id=914"},"modified":"2022-07-21T15:49:04","modified_gmt":"2022-07-21T15:49:04","slug":"triet-ly-cua-chung-toi","status":"publish","type":"page","link":"https:\/\/ibis.accorv2prod.decms.eu\/vi\/about-us\/triet-ly-cua-chung-toi\/","title":{"rendered":"Tri\u1ebft l\u00fd c\u1ee7a ch\u00fang t\u00f4i"},"content":{"rendered":"<p>ch\u1ec9 \u0111\u01a1n gi\u1ea3n l\u00e0 m\u1ed9t \u0111o\u1ea1n v\u0103n b\u1ea3n gi\u1ea3, \u0111\u01b0\u1ee3c d\u00f9ng v\u00e0o vi\u1ec7c tr\u00ecnh b\u00e0y v\u00e0 d\u00e0n trang ph\u1ee5c v\u1ee5 cho in \u1ea5n. Lorem Ipsum \u0111\u00e3 \u0111\u01b0\u1ee3c s\u1eed d\u1ee5ng nh\u01b0 m\u1ed9t v\u0103n b\u1ea3n chu\u1ea9n cho ng\u00e0nh c\u00f4ng nghi\u1ec7p in \u1ea5n t\u1eeb nh\u1eefng n\u0103m 1500, khi m\u1ed9t h\u1ecda s\u0129 v\u00f4 danh gh\u00e9p nhi\u1ec1u \u0111o\u1ea1n v\u0103n b\u1ea3n v\u1edbi nhau \u0111\u1ec3 t\u1ea1o th\u00e0nh m\u1ed9t b\u1ea3n m\u1eabu v\u0103n b\u1ea3n. \u0110o\u1ea1n v\u0103n b\u1ea3n n\u00e0y kh\u00f4ng nh\u1eefng \u0111\u00e3 t\u1ed3n t\u1ea1i n\u0103m th\u1ebf k\u1ec9, m\u00e0 khi \u0111\u01b0\u1ee3c \u00e1p d\u1ee5ng v\u00e0o tin h\u1ecdc v\u0103n ph\u00f2ng, n\u1ed9i dung c\u1ee7a n\u00f3 v\u1eabn kh\u00f4ng h\u1ec1 b\u1ecb thay \u0111\u1ed5i. N\u00f3 \u0111\u00e3 \u0111\u01b0\u1ee3c ph\u1ed5 bi\u1ebfn trong nh\u1eefng n\u0103m 1960 nh\u1edd vi\u1ec7c b\u00e1n nh\u1eefng b\u1ea3n gi\u1ea5y Letraset in nh\u1eefng \u0111o\u1ea1n Lorem Ipsum, v\u00e0 g\u1ea7n \u0111\u00e2y h\u01a1n, \u0111\u01b0\u1ee3c s\u1eed d\u1ee5ng trong c\u00e1c \u1ee9ng d\u1ee5ng d\u00e0n trang, nh\u01b0 Aldus PageMaker.<\/p>\n","protected":false},"excerpt":{"rendered":"<p>ch\u1ec9 \u0111\u01a1n gi\u1ea3n l\u00e0 m\u1ed9t \u0111o\u1ea1n v\u0103n b\u1ea3n gi\u1ea3, \u0111\u01b0\u1ee3c d\u00f9ng v\u00e0o vi\u1ec7c tr\u00ecnh b\u00e0y v\u00e0 d\u00e0n trang ph\u1ee5c v\u1ee5 cho in \u1ea5n. Lorem Ipsum \u0111\u00e3 \u0111\u01b0\u1ee3c s\u1eed d\u1ee5ng nh\u01b0 m\u1ed9t v\u0103n b\u1ea3n chu\u1ea9n cho ng\u00e0nh c\u00f4ng nghi\u1ec7p in \u1ea5n t\u1eeb nh\u1eefng n\u0103m 1500, khi m\u1ed9t h\u1ecda s\u0129 v\u00f4 danh gh\u00e9p nhi\u1ec1u \u0111o\u1ea1n v\u0103n b\u1ea3n [&hellip;]<\/p>\n","protected":false},"author":2,"featured_media":2409,"parent":901,"menu_order":100,"comment_status":"closed","ping_status":"closed","template":"","meta":{"footnotes":""},"categories":[],"class_list":["post-914","page","type-page","status-publish","has-post-thumbnail","hentry"],"acf":[],"yoast_head":"<!-- This site is optimized with the Yoast SEO plugin v26.9 - https:\/\/yoast.com\/product\/yoast-seo-wordpress\/ -->\n<title>Tri\u1ebft l\u00fd c\u1ee7a ch\u00fang t\u00f4i - Ibis V2 demo site<\/title>\n<meta name=\"robots\" content=\"noindex, follow, max-snippet:-1, max-image-preview:large, max-video-preview:-1\" \/>\n<meta property=\"og:locale\" content=\"vi_VN\" \/>\n<meta property=\"og:type\" content=\"article\" \/>\n<meta property=\"og:title\" content=\"Tri\u1ebft l\u00fd c\u1ee7a ch\u00fang t\u00f4i - Ibis V2 demo site\" \/>\n<meta property=\"og:description\" content=\"ch\u1ec9 \u0111\u01a1n gi\u1ea3n l\u00e0 m\u1ed9t \u0111o\u1ea1n v\u0103n b\u1ea3n gi\u1ea3, \u0111\u01b0\u1ee3c d\u00f9ng v\u00e0o vi\u1ec7c tr\u00ecnh b\u00e0y v\u00e0 d\u00e0n trang ph\u1ee5c v\u1ee5 cho in \u1ea5n. Lorem Ipsum \u0111\u00e3 \u0111\u01b0\u1ee3c s\u1eed d\u1ee5ng nh\u01b0 m\u1ed9t v\u0103n b\u1ea3n chu\u1ea9n cho ng\u00e0nh c\u00f4ng nghi\u1ec7p in \u1ea5n t\u1eeb nh\u1eefng n\u0103m 1500, khi m\u1ed9t h\u1ecda s\u0129 v\u00f4 danh gh\u00e9p nhi\u1ec1u \u0111o\u1ea1n v\u0103n b\u1ea3n [&hellip;]\" \/>\n<meta property=\"og:url\" content=\"https:\/\/ibis.accorv2prod.decms.eu\/vi\/about-us\/triet-ly-cua-chung-toi\/\" \/>\n<meta property=\"og:site_name\" content=\"Ibis V2 demo site\" \/>\n<meta property=\"article:modified_time\" content=\"2022-07-21T15:49:04+00:00\" \/>\n<meta property=\"og:image\" content=\"https:\/\/ibis.accorv2prod.decms.eu\/wp-content\/uploads\/sites\/58\/2021\/09\/philosophy.jpg\" \/>\n\t<meta property=\"og:image:width\" content=\"1800\" \/>\n\t<meta property=\"og:image:height\" content=\"1013\" \/>\n\t<meta property=\"og:image:type\" content=\"image\/jpeg\" \/>\n<meta name=\"twitter:card\" content=\"summary_large_image\" \/>\n<meta name=\"twitter:label1\" content=\"Est. reading time\" \/>\n\t<meta name=\"twitter:data1\" content=\"1 minute\" \/>\n<script type=\"application\/ld+json\" class=\"yoast-schema-graph\">{\"@context\":\"https:\/\/schema.org\",\"@graph\":[{\"@type\":\"WebPage\",\"@id\":\"https:\/\/ibis.accorv2prod.decms.eu\/vi\/about-us\/triet-ly-cua-chung-toi\/\",\"url\":\"https:\/\/ibis.accorv2prod.decms.eu\/vi\/about-us\/triet-ly-cua-chung-toi\/\",\"name\":\"Tri\u1ebft l\u00fd c\u1ee7a ch\u00fang t\u00f4i - Ibis V2 demo site\",\"isPartOf\":{\"@id\":\"https:\/\/ibis.accorv2prod.decms.eu\/#website\"},\"primaryImageOfPage\":{\"@id\":\"https:\/\/ibis.accorv2prod.decms.eu\/vi\/about-us\/triet-ly-cua-chung-toi\/#primaryimage\"},\"image\":{\"@id\":\"https:\/\/ibis.accorv2prod.decms.eu\/vi\/about-us\/triet-ly-cua-chung-toi\/#primaryimage\"},\"thumbnailUrl\":\"https:\/\/ibis.accorv2prod.decms.eu\/wp-content\/uploads\/sites\/58\/2021\/09\/philosophy.jpg\",\"datePublished\":\"2021-07-01T08:05:10+00:00\",\"dateModified\":\"2022-07-21T15:49:04+00:00\",\"breadcrumb\":{\"@id\":\"https:\/\/ibis.accorv2prod.decms.eu\/vi\/about-us\/triet-ly-cua-chung-toi\/#breadcrumb\"},\"inLanguage\":\"vi-VN\",\"potentialAction\":[{\"@type\":\"ReadAction\",\"target\":[\"https:\/\/ibis.accorv2prod.decms.eu\/vi\/about-us\/triet-ly-cua-chung-toi\/\"]}]},{\"@type\":\"ImageObject\",\"inLanguage\":\"vi-VN\",\"@id\":\"https:\/\/ibis.accorv2prod.decms.eu\/vi\/about-us\/triet-ly-cua-chung-toi\/#primaryimage\",\"url\":\"https:\/\/ibis.accorv2prod.decms.eu\/wp-content\/uploads\/sites\/58\/2021\/09\/philosophy.jpg\",\"contentUrl\":\"https:\/\/ibis.accorv2prod.decms.eu\/wp-content\/uploads\/sites\/58\/2021\/09\/philosophy.jpg\",\"width\":1800,\"height\":1013},{\"@type\":\"BreadcrumbList\",\"@id\":\"https:\/\/ibis.accorv2prod.decms.eu\/vi\/about-us\/triet-ly-cua-chung-toi\/#breadcrumb\",\"itemListElement\":[{\"@type\":\"ListItem\",\"position\":1,\"name\":\"Home\",\"item\":\"https:\/\/ibis.accorv2prod.decms.eu\/vi\/\"},{\"@type\":\"ListItem\",\"position\":2,\"name\":\"V\u1ec1 ch\u00fang t\u00f4i\",\"item\":\"https:\/\/ibis.accorv2prod.decms.eu\/vi\/about-us\/\"},{\"@type\":\"ListItem\",\"position\":3,\"name\":\"Tri\u1ebft l\u00fd c\u1ee7a ch\u00fang t\u00f4i\"}]},{\"@type\":\"WebSite\",\"@id\":\"https:\/\/ibis.accorv2prod.decms.eu\/#website\",\"url\":\"https:\/\/ibis.accorv2prod.decms.eu\/\",\"name\":\"Ibis V2 demo site\",\"description\":\"Just another Matteo Canever Site Sites site\",\"potentialAction\":[{\"@type\":\"SearchAction\",\"target\":{\"@type\":\"EntryPoint\",\"urlTemplate\":\"https:\/\/ibis.accorv2prod.decms.eu\/?s={search_term_string}\"},\"query-input\":{\"@type\":\"PropertyValueSpecification\",\"valueRequired\":true,\"valueName\":\"search_term_string\"}}],\"inLanguage\":\"vi-VN\"}]}<\/script>\n<!-- \/ Yoast SEO plugin. -->","yoast_head_json":{"title":"Tri\u1ebft l\u00fd c\u1ee7a ch\u00fang t\u00f4i - Ibis V2 demo site","robots":{"index":"noindex","follow":"follow","max-snippet":"max-snippet:-1","max-image-preview":"max-image-preview:large","max-video-preview":"max-video-preview:-1"},"og_locale":"vi_VN","og_type":"article","og_title":"Tri\u1ebft l\u00fd c\u1ee7a ch\u00fang t\u00f4i - Ibis V2 demo site","og_description":"ch\u1ec9 \u0111\u01a1n gi\u1ea3n l\u00e0 m\u1ed9t \u0111o\u1ea1n v\u0103n b\u1ea3n gi\u1ea3, \u0111\u01b0\u1ee3c d\u00f9ng v\u00e0o vi\u1ec7c tr\u00ecnh b\u00e0y v\u00e0 d\u00e0n trang ph\u1ee5c v\u1ee5 cho in \u1ea5n. Lorem Ipsum \u0111\u00e3 \u0111\u01b0\u1ee3c s\u1eed d\u1ee5ng nh\u01b0 m\u1ed9t v\u0103n b\u1ea3n chu\u1ea9n cho ng\u00e0nh c\u00f4ng nghi\u1ec7p in \u1ea5n t\u1eeb nh\u1eefng n\u0103m 1500, khi m\u1ed9t h\u1ecda s\u0129 v\u00f4 danh gh\u00e9p nhi\u1ec1u \u0111o\u1ea1n v\u0103n b\u1ea3n [&hellip;]","og_url":"https:\/\/ibis.accorv2prod.decms.eu\/vi\/about-us\/triet-ly-cua-chung-toi\/","og_site_name":"Ibis V2 demo site","article_modified_time":"2022-07-21T15:49:04+00:00","og_image":[{"width":1800,"height":1013,"url":"https:\/\/ibis.accorv2prod.decms.eu\/wp-content\/uploads\/sites\/58\/2021\/09\/philosophy.jpg","type":"image\/jpeg"}],"twitter_card":"summary_large_image","twitter_misc":{"Est. reading time":"1 minute"},"schema":{"@context":"https:\/\/schema.org","@graph":[{"@type":"WebPage","@id":"https:\/\/ibis.accorv2prod.decms.eu\/vi\/about-us\/triet-ly-cua-chung-toi\/","url":"https:\/\/ibis.accorv2prod.decms.eu\/vi\/about-us\/triet-ly-cua-chung-toi\/","name":"Tri\u1ebft l\u00fd c\u1ee7a ch\u00fang t\u00f4i - Ibis V2 demo site","isPartOf":{"@id":"https:\/\/ibis.accorv2prod.decms.eu\/#website"},"primaryImageOfPage":{"@id":"https:\/\/ibis.accorv2prod.decms.eu\/vi\/about-us\/triet-ly-cua-chung-toi\/#primaryimage"},"image":{"@id":"https:\/\/ibis.accorv2prod.decms.eu\/vi\/about-us\/triet-ly-cua-chung-toi\/#primaryimage"},"thumbnailUrl":"https:\/\/ibis.accorv2prod.decms.eu\/wp-content\/uploads\/sites\/58\/2021\/09\/philosophy.jpg","datePublished":"2021-07-01T08:05:10+00:00","dateModified":"2022-07-21T15:49:04+00:00","breadcrumb":{"@id":"https:\/\/ibis.accorv2prod.decms.eu\/vi\/about-us\/triet-ly-cua-chung-toi\/#breadcrumb"},"inLanguage":"vi-VN","potentialAction":[{"@type":"ReadAction","target":["https:\/\/ibis.accorv2prod.decms.eu\/vi\/about-us\/triet-ly-cua-chung-toi\/"]}]},{"@type":"ImageObject","inLanguage":"vi-VN","@id":"https:\/\/ibis.accorv2prod.decms.eu\/vi\/about-us\/triet-ly-cua-chung-toi\/#primaryimage","url":"https:\/\/ibis.accorv2prod.decms.eu\/wp-content\/uploads\/sites\/58\/2021\/09\/philosophy.jpg","contentUrl":"https:\/\/ibis.accorv2prod.decms.eu\/wp-content\/uploads\/sites\/58\/2021\/09\/philosophy.jpg","width":1800,"height":1013},{"@type":"BreadcrumbList","@id":"https:\/\/ibis.accorv2prod.decms.eu\/vi\/about-us\/triet-ly-cua-chung-toi\/#breadcrumb","itemListElement":[{"@type":"ListItem","position":1,"name":"Home","item":"https:\/\/ibis.accorv2prod.decms.eu\/vi\/"},{"@type":"ListItem","position":2,"name":"V\u1ec1 ch\u00fang t\u00f4i","item":"https:\/\/ibis.accorv2prod.decms.eu\/vi\/about-us\/"},{"@type":"ListItem","position":3,"name":"Tri\u1ebft l\u00fd c\u1ee7a ch\u00fang t\u00f4i"}]},{"@type":"WebSite","@id":"https:\/\/ibis.accorv2prod.decms.eu\/#website","url":"https:\/\/ibis.accorv2prod.decms.eu\/","name":"Ibis V2 demo site","description":"Just another Matteo Canever Site Sites site","potentialAction":[{"@type":"SearchAction","target":{"@type":"EntryPoint","urlTemplate":"https:\/\/ibis.accorv2prod.decms.eu\/?s={search_term_string}"},"query-input":{"@type":"PropertyValueSpecification","valueRequired":true,"valueName":"search_term_string"}}],"inLanguage":"vi-VN"}]}},"_links":{"self":[{"href":"https:\/\/ibis.accorv2prod.decms.eu\/vi\/wp-json\/wp\/v2\/pages\/914","targetHints":{"allow":["GET"]}}],"collection":[{"href":"https:\/\/ibis.accorv2prod.decms.eu\/vi\/wp-json\/wp\/v2\/pages"}],"about":[{"href":"https:\/\/ibis.accorv2prod.decms.eu\/vi\/wp-json\/wp\/v2\/types\/page"}],"author":[{"embeddable":true,"href":"https:\/\/ibis.accorv2prod.decms.eu\/vi\/wp-json\/wp\/v2\/users\/2"}],"replies":[{"embeddable":true,"href":"https:\/\/ibis.accorv2prod.decms.eu\/vi\/wp-json\/wp\/v2\/comments?post=914"}],"version-history":[{"count":0,"href":"https:\/\/ibis.accorv2prod.decms.eu\/vi\/wp-json\/wp\/v2\/pages\/914\/revisions"}],"up":[{"embeddable":true,"href":"https:\/\/ibis.accorv2prod.decms.eu\/vi\/wp-json\/wp\/v2\/pages\/901"}],"wp:featuredmedia":[{"embeddable":true,"href":"https:\/\/ibis.accorv2prod.decms.eu\/vi\/wp-json\/wp\/v2\/media\/2409"}],"wp:attachment":[{"href":"https:\/\/ibis.accorv2prod.decms.eu\/vi\/wp-json\/wp\/v2\/media?parent=914"}],"wp:term":[{"taxonomy":"category","embeddable":true,"href":"https:\/\/ibis.accorv2prod.decms.eu\/vi\/wp-json\/wp\/v2\/categories?post=914"}],"curies":[{"name":"wp","href":"https:\/\/api.w.org\/{rel}","templated":true}]}}